{"id":23,"date":"2016-01-23T20:47:34","date_gmt":"2016-01-23T19:47:34","guid":{"rendered":"http:\/\/psychologielehrer.schulhomepages.hamburg.de\/?page_id=23"},"modified":"2016-02-10T15:01:55","modified_gmt":"2016-02-10T14:01:55","slug":"landesverband-hamburg","status":"publish","type":"page","link":"https:\/\/psychologielehrer.schulhomepages.hamburg.de\/","title":{"rendered":"Willkommen auf der Website des Landesverbandes Hamburg"},"content":{"rendered":"<figure id=\"attachment_59\" aria-describedby=\"caption-attachment-59\" style=\"width: 604px\" class=\"wp-caption aligncenter\"><img loading=\"lazy\" decoding=\"async\" class=\"wp-image-59 size-large\" src=\"https:\/\/psychologielehrer.schulhomepages.hamburg.de\/wp-content\/uploads\/sites\/249\/2016\/02\/20151112_200823-1024x576.jpg\" alt=\"20151112_200823\" width=\"604\" height=\"340\" srcset=\"https:\/\/psychologielehrer.schulhomepages.hamburg.de\/wp-content\/uploads\/sites\/249\/2016\/02\/20151112_200823-1024x576.jpg 1024w, https:\/\/psychologielehrer.schulhomepages.hamburg.de\/wp-content\/uploads\/sites\/249\/2016\/02\/20151112_200823-300x169.jpg 300w, https:\/\/psychologielehrer.schulhomepages.hamburg.de\/wp-content\/uploads\/sites\/249\/2016\/02\/20151112_200823-768x432.jpg 768w, https:\/\/psychologielehrer.schulhomepages.hamburg.de\/wp-content\/uploads\/sites\/249\/2016\/02\/20151112_200823.jpg 2048w\" sizes=\"auto, (max-width: 604px) 100vw, 604px\" \/><figcaption id=\"caption-attachment-59\" class=\"wp-caption-text\">Der Landesverband Hamburg wurde in Soest w\u00e4hrend der Jahrestagung des \u00bbVerbandes der Psychologielehrerinnen und -lehrer e.V.\u00ab gegr\u00fcndet.<\/figcaption><\/figure>\n<h6 class=\"western\"><span style=\"font-family: Arial, serif\"><b>Landesverband Hamburg,\u00a0<\/b><\/span><span style=\"font-family: Arial, serif\"><b>Ziele der Verbandsarbeit:<\/b><\/span><\/h6>\n<ul>\n<li><span style=\"font-family: Arial, serif\">Weitere Verbreitung des Faches an den Schulen und st\u00e4ndige Verbesserung der Qualit\u00e4t des Unterrichts<\/span><\/li>\n<li><span style=\"font-family: Arial, serif\">Aktiver Austausch untereinander, Fortbildungen<\/span><\/li>\n<\/ul>\n<ul>\n<li><span style=\"font-family: Arial, serif\">Verst\u00e4rkte Zusammenarbeit mit der Fachreferentin\u00a0f\u00fcr Psychologie<\/span><\/li>\n<\/ul>\n<ul>\n<li><span style=\"font-family: Arial, serif\">Vertretung der Interessen der Kolleginnen und Kollegen der Stadtteilschulen und Gymnasien<\/span><\/li>\n<\/ul>\n<ul>\n<li><span style=\"font-family: Arial, serif\">Unterst\u00fctzung der Moderartorin \/Fachreferentin bei den Fortbildungen<\/span><\/li>\n<\/ul>\n<ul>\n<li><span style=\"font-family: Arial, serif\">Aktualisierung der\u00a0Website<\/span><\/li>\n<\/ul>\n<ul>\n<li><span style=\"font-family: Arial, serif\">Gewinnung neuer Mitglieder f\u00fcr die Verbandsarbeit<\/span><\/li>\n<\/ul>\n<ul>\n<li><span style=\"font-family: Arial, serif\">Vorbereitung der 38. Psychologiebundestagung 2018 in Hamburg<\/span><\/li>\n<\/ul>\n<p>Im November <strong>2015<\/strong> wurde der Landesverband Hamburg gegr\u00fcndet.<\/p>\n<p>Der Jahresbeitrag f\u00fcr die Mitgliedschaft betr\u00e4gt zurzeit 25,00 \u20ac (Erm\u00e4\u00dfigungen sind m\u00f6glich).<\/p>\n<ul>\n<li>\n<h5><a href=\"https:\/\/psychologielehrer.schulhomepages.hamburg.de\/wp-content\/uploads\/sites\/249\/2016\/01\/Beitrittserklaerung-SEPA.pdf\" rel=\"\">Beitrittserklaerung-SEPA <\/a><\/h5>\n<\/li>\n<li>\n<h5><a href=\"https:\/\/psychologielehrer.schulhomepages.hamburg.de\/wp-content\/uploads\/sites\/249\/2016\/01\/Satzung-2012.pdf\" rel=\"\">Satzung-2012<\/a><\/h5>\n<\/li>\n<li>\n<h5><a href=\"https:\/\/psychologielehrer.schulhomepages.hamburg.de\/wp-content\/uploads\/sites\/249\/2016\/01\/GO-2012.pdf\" rel=\"\">GO-2012<\/a><\/h5>\n<\/li>\n<\/ul>\n<p>&nbsp;<\/p>\n","protected":false},"excerpt":{"rendered":"<p>Landesverband Hamburg,\u00a0Ziele der Verbandsarbeit: Weitere Verbreitung des Faches an den Schulen und st\u00e4ndige Verbesserung der Qualit\u00e4t des Unterrichts Aktiver Austausch untereinander, Fortbildungen Verst\u00e4rkte Zusammenarbeit mit der Fachreferentin\u00a0f\u00fcr Psychologie Vertretung der Interessen der Kolleginnen und Kollegen der Stadtteilschulen und Gymnasien Unterst\u00fctzung der Moderartorin \/Fachreferentin bei den Fortbildungen Aktualisierung der\u00a0Website Gewinnung neuer Mitglieder f\u00fcr die Verbandsarbeit Vorbereitung &hellip; <a href=\"https:\/\/psychologielehrer.schulhomepages.hamburg.de\/\" class=\"more-link\"><span class=\"screen-reader-text\">Willkommen auf der Website des Landesverbandes Hamburg<\/span> weiterlesen <span class=\"meta-nav\">&rarr;<\/span><\/a><\/p>\n","protected":false},"author":365,"featured_media":0,"parent":0,"menu_order":0,"comment_status":"closed","ping_status":"closed","template":"","meta":{"_acf_changed":false,"footnotes":""},"class_list":["post-23","page","type-page","status-publish","hentry"],"acf":[],"_links":{"self":[{"href":"https:\/\/psychologielehrer.schulhomepages.hamburg.de\/index.php?rest_route=\/wp\/v2\/pages\/23","targetHints":{"allow":["GET"]}}],"collection":[{"href":"https:\/\/psychologielehrer.schulhomepages.hamburg.de\/index.php?rest_route=\/wp\/v2\/pages"}],"about":[{"href":"https:\/\/psychologielehrer.schulhomepages.hamburg.de\/index.php?rest_route=\/wp\/v2\/types\/page"}],"author":[{"embeddable":true,"href":"https:\/\/psychologielehrer.schulhomepages.hamburg.de\/index.php?rest_route=\/wp\/v2\/users\/365"}],"replies":[{"embeddable":true,"href":"https:\/\/psychologielehrer.schulhomepages.hamburg.de\/index.php?rest_route=%2Fwp%2Fv2%2Fcomments&post=23"}],"version-history":[{"count":1,"href":"https:\/\/psychologielehrer.schulhomepages.hamburg.de\/index.php?rest_route=\/wp\/v2\/pages\/23\/revisions"}],"predecessor-version":[{"id":24,"href":"https:\/\/psychologielehrer.schulhomepages.hamburg.de\/index.php?rest_route=\/wp\/v2\/pages\/23\/revisions\/24"}],"wp:attachment":[{"href":"https:\/\/psychologielehrer.schulhomepages.hamburg.de\/index.php?rest_route=%2Fwp%2Fv2%2Fmedia&parent=23"}],"curies":[{"name":"wp","href":"https:\/\/api.w.org\/{rel}","templated":true}]}}